{"id":24822,"date":"2023-09-27T15:38:33","date_gmt":"2023-09-27T13:38:33","guid":{"rendered":"https:\/\/devmsc.openfluxconfig.com\/website\/contact\/"},"modified":"2026-03-03T12:58:40","modified_gmt":"2026-03-03T11:58:40","slug":"contact","status":"publish","type":"page","link":"https:\/\/mysolutionconnect.com\/en\/contact\/","title":{"rendered":"Contact"},"content":{"rendered":"\t\t<div data-elementor-type=\"wp-page\" data-elementor-id=\"24822\" class=\"elementor elementor-24822\">\n\t\t\t\t<div class=\"elementor-element elementor-element-1a6ac2b e-flex e-con-boxed e-con e-parent\" data-id=\"1a6ac2b\" data-element_type=\"container\" data-e-type=\"container\">\n\t\t\t\t\t<div class=\"e-con-inner\">\n\t\t<div class=\"elementor-element elementor-element-d240fbb e-con-full e-flex e-con e-child\" data-id=\"d240fbb\" data-element_type=\"container\" data-e-type=\"container\">\n\t\t\t\t<div class=\"elementor-element elementor-element-7a83e7a animated-fast elementor-invisible elementor-widget elementor-widget-elementskit-heading\" data-id=\"7a83e7a\" data-element_type=\"widget\" data-e-type=\"widget\" data-settings=\"{&quot;_animation&quot;:&quot;fadeIn&quot;,&quot;_animation_delay&quot;:100,&quot;ekit_we_effect_on&quot;:&quot;none&quot;}\" data-widget_type=\"elementskit-heading.default\">\n\t\t\t\t<div class=\"elementor-widget-container\">\n\t\t\t\t\t<div class=\"ekit-wid-con\" ><div class=\"ekit-heading elementskit-section-title-wraper text_center   ekit_heading_tablet-   ekit_heading_mobile-\"><span class=\"elementskit-section-subtitle   ekit-heading__subtitle-has-border\">\n\t\t\t\t\t\tContact\n\t\t\t\t\t<\/span><h1 class=\"ekit-heading--title elementskit-section-title \">Contact us!<\/h1>\t\t\t\t<div class='ekit-heading__description'>\n\t\t\t\t\t<p>Got a question? We'll be happy to help! <\/p>\n\t\t\t\t<\/div>\n\t\t\t<\/div><\/div>\t\t\t\t<\/div>\n\t\t\t\t<\/div>\n\t\t\t\t<\/div>\n\t\t\t\t\t<\/div>\n\t\t\t\t<\/div>\n\t\t<div class=\"elementor-element elementor-element-82fa983 e-flex e-con-boxed e-con e-parent\" data-id=\"82fa983\" data-element_type=\"container\" data-e-type=\"container\" data-settings=\"{&quot;background_background&quot;:&quot;classic&quot;}\">\n\t\t\t\t\t<div class=\"e-con-inner\">\n\t\t<div class=\"elementor-element elementor-element-2fb26c01 e-con-full e-flex e-con e-child\" data-id=\"2fb26c01\" data-element_type=\"container\" data-e-type=\"container\">\n\t\t<div class=\"elementor-element elementor-element-286299b3 e-con-full animated-fast e-flex elementor-invisible e-con e-child\" data-id=\"286299b3\" data-element_type=\"container\" data-e-type=\"container\" data-settings=\"{&quot;background_background&quot;:&quot;classic&quot;,&quot;animation&quot;:&quot;fadeInUp&quot;,&quot;animation_delay&quot;:100}\">\n\t\t<div class=\"elementor-element elementor-element-7de56979 e-con-full e-flex e-con e-child\" data-id=\"7de56979\" data-element_type=\"container\" data-e-type=\"container\" data-settings=\"{&quot;background_background&quot;:&quot;classic&quot;}\">\n\t\t\t\t<div class=\"elementor-element elementor-element-dbb10ef ekit-equal-height-disable elementor-widget elementor-widget-elementskit-icon-box\" data-id=\"dbb10ef\" data-element_type=\"widget\" data-e-type=\"widget\" data-settings=\"{&quot;ekit_we_effect_on&quot;:&quot;none&quot;}\" data-widget_type=\"elementskit-icon-box.default\">\n\t\t\t\t<div class=\"elementor-widget-container\">\n\t\t\t\t\t<div class=\"ekit-wid-con\" >        <!-- link opening -->\n                <!-- end link opening -->\n\n        <div class=\"elementskit-infobox text-left text-left icon-lef-right-aligin elementor-animation- media  \">\n                    <div class=\"elementskit-box-header elementor-animation-\">\n                <div class=\"elementskit-info-box-icon  text-center\">\n                    <i aria-hidden=\"true\" class=\"elementkit-infobox-icon icon icon-envelope2\"><\/i>\n                <\/div>\n          <\/div>\n                        <div class=\"box-body\">\n                            <h2 class=\"elementskit-info-box-title\">\n                    Any questions?                <\/h2>\n                        \t\t  \t<p>Our sales team is here to help.<\/p>\n                                <\/div>\n        \n        \n                <\/div>\n        <\/div>\t\t\t\t<\/div>\n\t\t\t\t<\/div>\n\t\t\t\t<div class=\"elementor-element elementor-element-6c3f68b5 ekit-equal-height-disable elementor-widget elementor-widget-elementskit-icon-box\" data-id=\"6c3f68b5\" data-element_type=\"widget\" data-e-type=\"widget\" data-settings=\"{&quot;ekit_we_effect_on&quot;:&quot;none&quot;}\" data-widget_type=\"elementskit-icon-box.default\">\n\t\t\t\t<div class=\"elementor-widget-container\">\n\t\t\t\t\t<div class=\"ekit-wid-con\" >        <!-- link opening -->\n                <!-- end link opening -->\n\n        <div class=\"elementskit-infobox text-left text-left icon-lef-right-aligin elementor-animation- media  \">\n                    <div class=\"elementskit-box-header elementor-animation-\">\n                <div class=\"elementskit-info-box-icon  text-center\">\n                    <i aria-hidden=\"true\" class=\"elementkit-infobox-icon icon icon-chat\"><\/i>\n                <\/div>\n          <\/div>\n                        <div class=\"box-body\">\n                            <h2 class=\"elementskit-info-box-title\">\n                    A demo?                <\/h2>\n                        \t\t  \t<p>Plan your own.<\/p>\n                                <\/div>\n        \n        \n                <\/div>\n        <\/div>\t\t\t\t<\/div>\n\t\t\t\t<\/div>\n\t\t\t\t<div class=\"elementor-element elementor-element-6f15dbb0 ekit-equal-height-disable elementor-widget elementor-widget-elementskit-icon-box\" data-id=\"6f15dbb0\" data-element_type=\"widget\" data-e-type=\"widget\" data-settings=\"{&quot;ekit_we_effect_on&quot;:&quot;none&quot;}\" data-widget_type=\"elementskit-icon-box.default\">\n\t\t\t\t<div class=\"elementor-widget-container\">\n\t\t\t\t\t<div class=\"ekit-wid-con\" >        <!-- link opening -->\n                <!-- end link opening -->\n\n        <div class=\"elementskit-infobox text-left text-left icon-lef-right-aligin elementor-animation- media  \">\n                    <div class=\"elementskit-box-header elementor-animation-\">\n                <div class=\"elementskit-info-box-icon  text-center\">\n                    <i aria-hidden=\"true\" class=\"elementkit-infobox-icon icon icon-earth\"><\/i>\n                <\/div>\n          <\/div>\n                        <div class=\"box-body\">\n                            <h2 class=\"elementskit-info-box-title\">\n                    International                <\/h2>\n                        \t\t  \t<p>Our teams are multilingual.<\/p>\n                                <\/div>\n        \n        \n                <\/div>\n        <\/div>\t\t\t\t<\/div>\n\t\t\t\t<\/div>\n\t\t\t\t<\/div>\n\t\t<div class=\"elementor-element elementor-element-1e66e41b e-con-full e-flex e-con e-child\" data-id=\"1e66e41b\" data-element_type=\"container\" data-e-type=\"container\" data-settings=\"{&quot;background_background&quot;:&quot;classic&quot;}\">\n\t\t\t\t<div class=\"elementor-element elementor-element-35fdf3f9 elementor-widget elementor-widget-elementskit-contact-form7\" data-id=\"35fdf3f9\" data-element_type=\"widget\" data-e-type=\"widget\" data-settings=\"{&quot;ekit_we_effect_on&quot;:&quot;none&quot;}\" data-widget_type=\"elementskit-contact-form7.default\">\n\t\t\t\t<div class=\"elementor-widget-container\">\n\t\t\t\t\t<div class=\"ekit-wid-con\" ><div class=\"ekit-form\">\n<div class=\"wpcf7 no-js\" id=\"wpcf7-f24825-p24822-o1\" lang=\"en-US\" dir=\"ltr\" data-wpcf7-id=\"24825\">\n<div class=\"screen-reader-response\"><p role=\"status\" aria-live=\"polite\" aria-atomic=\"true\"><\/p> <ul><\/ul><\/div>\n<form action=\"\/en\/contact\/#wpcf7-f24825-p24822-o1\" method=\"post\" class=\"wpcf7-form init\" aria-label=\"Contact form\" novalidate=\"novalidate\" data-status=\"init\">\n<fieldset class=\"hidden-fields-container\"><input type=\"hidden\" name=\"_wpcf7\" value=\"24825\" \/><input type=\"hidden\" name=\"_wpcf7_version\" value=\"6.1.5\" \/><input type=\"hidden\" name=\"_wpcf7_locale\" value=\"en_US\" \/><input type=\"hidden\" name=\"_wpcf7_unit_tag\" value=\"wpcf7-f24825-p24822-o1\" \/><input type=\"hidden\" name=\"_wpcf7_container_post\" value=\"24822\" \/><input type=\"hidden\" name=\"_wpcf7_posted_data_hash\" value=\"\" \/><input type=\"hidden\" name=\"_wpcf7_recaptcha_response\" value=\"\" \/>\n<\/fieldset>\n<div class=\"col-gauche\">\n\t<p><label> <strong>Your first and last name*<\/strong><br \/>\n<span class=\"wpcf7-form-control-wrap\" data-name=\"nom\"><input size=\"40\" maxlength=\"400\" class=\"wpcf7-form-control wpcf7-text wpcf7-validates-as-required\" aria-required=\"true\" aria-invalid=\"false\" value=\"\" type=\"text\" name=\"nom\" \/><\/span> <\/label>\n\t<\/p>\n<\/div>\n<div class=\"col-droite\">\n\t<p><label> <strong>Your email*<\/strong><br \/>\n<span class=\"wpcf7-form-control-wrap\" data-name=\"email\"><input size=\"40\" maxlength=\"400\" class=\"wpcf7-form-control wpcf7-email wpcf7-validates-as-required wpcf7-text wpcf7-validates-as-email\" aria-required=\"true\" aria-invalid=\"false\" value=\"\" type=\"email\" name=\"email\" \/><\/span> <\/label>\n\t<\/p>\n<\/div>\n<div class=\"col-gauche\">\n\t<p><label> <strong>Your company*<\/strong><br \/>\n<span class=\"wpcf7-form-control-wrap\" data-name=\"societe\"><input size=\"40\" maxlength=\"400\" class=\"wpcf7-form-control wpcf7-text wpcf7-validates-as-required\" aria-required=\"true\" aria-invalid=\"false\" value=\"\" type=\"text\" name=\"societe\" \/><\/span> <\/label>\n\t<\/p>\n<\/div>\n<div class=\"col-droite\">\n\t<p><label> <strong>Your phone number*<\/strong><br \/>\n<span class=\"wpcf7-form-control-wrap\" data-name=\"telephone\"><input size=\"40\" maxlength=\"400\" class=\"wpcf7-form-control wpcf7-text wpcf7-validates-as-required\" aria-required=\"true\" aria-invalid=\"false\" value=\"\" type=\"text\" name=\"telephone\" \/><\/span> <\/label>\n\t<\/p>\n<\/div>\n<p><label><strong>Project deadline<\/strong><br \/>\n<span class=\"wpcf7-form-control-wrap\" data-name=\"Echeance-projet\"><select class=\"wpcf7-form-control wpcf7-select wpcf7-validates-as-required\" aria-required=\"true\" aria-invalid=\"false\" name=\"Echeance-projet\"><option value=\"Immediate\">Immediate<\/option><option value=\"Within 6 months\">Within 6 months<\/option><option value=\"Within 1 year\">Within 1 year<\/option><\/select><\/span><\/label>\n<\/p>\n<p><label> <strong>Your message*<\/strong><br \/>\n<span class=\"wpcf7-form-control-wrap\" data-name=\"message\"><textarea cols=\"40\" rows=\"10\" maxlength=\"2000\" class=\"wpcf7-form-control wpcf7-textarea wpcf7-validates-as-required color555\" aria-required=\"true\" aria-invalid=\"false\" name=\"message\"><\/textarea><\/span><br \/>\n* : Mandatory field<\/label>\n<\/p>\n<p><input class=\"wpcf7-form-control wpcf7-submit has-spinner\" type=\"submit\" value=\"Send\" \/><br \/>\n<label>By sending this contact form, I agree that the information entered may be used by My Solution Connect, in the context of the request for information and the commercial relationship that may result from it.<\/label>\n<\/p><div class=\"wpcf7-response-output\" aria-hidden=\"true\"><\/div>\n<\/form>\n<\/div>\n<\/div><\/div>\t\t\t\t<\/div>\n\t\t\t\t<\/div>\n\t\t\t\t<\/div>\n\t\t\t\t<\/div>\n\t\t\t\t<\/div>\n\t\t\t\t\t<\/div>\n\t\t\t\t<\/div>\n\t\t<div class=\"elementor-element elementor-element-7a592274 e-flex e-con-boxed e-con e-parent\" data-id=\"7a592274\" data-element_type=\"container\" data-e-type=\"container\">\n\t\t\t\t\t<div class=\"e-con-inner\">\n\t\t\t\t<div class=\"elementor-element elementor-element-167d03fc animated-fast elementor-invisible elementor-widget elementor-widget-elementskit-heading\" data-id=\"167d03fc\" data-element_type=\"widget\" data-e-type=\"widget\" data-settings=\"{&quot;_animation&quot;:&quot;fadeIn&quot;,&quot;_animation_delay&quot;:100,&quot;ekit_we_effect_on&quot;:&quot;none&quot;}\" data-widget_type=\"elementskit-heading.default\">\n\t\t\t\t<div class=\"elementor-widget-container\">\n\t\t\t\t\t<div class=\"ekit-wid-con\" ><div class=\"ekit-heading elementskit-section-title-wraper text_center   ekit_heading_tablet-   ekit_heading_mobile-\"><span class=\"elementskit-section-subtitle   ekit-heading__subtitle-has-border\">\n\t\t\t\t\t\tHow to find us?\n\t\t\t\t\t<\/span><h2 class=\"ekit-heading--title elementskit-section-title \">Our offices<\/h2>\t\t\t\t<div class='ekit-heading__description'>\n\t\t\t\t\t<p>We have offices in France and Spain.<\/p>\n\t\t\t\t<\/div>\n\t\t\t<\/div><\/div>\t\t\t\t<\/div>\n\t\t\t\t<\/div>\n\t\t\t\t\t<\/div>\n\t\t\t\t<\/div>\n\t\t<div class=\"elementor-element elementor-element-49ed5ea0 e-flex e-con-boxed e-con e-parent\" data-id=\"49ed5ea0\" data-element_type=\"container\" data-e-type=\"container\" data-settings=\"{&quot;background_background&quot;:&quot;gradient&quot;}\">\n\t\t\t\t\t<div class=\"e-con-inner\">\n\t\t<div class=\"elementor-element elementor-element-7e005297 e-con-full e-flex e-con e-child\" data-id=\"7e005297\" data-element_type=\"container\" data-e-type=\"container\">\n\t\t<div class=\"elementor-element elementor-element-6a8d793 e-con-full animated-fast e-flex elementor-invisible e-con e-child\" data-id=\"6a8d793\" data-element_type=\"container\" data-e-type=\"container\" data-settings=\"{&quot;background_background&quot;:&quot;classic&quot;,&quot;animation_delay&quot;:100,&quot;animation&quot;:&quot;fadeInUp&quot;}\">\n\t\t<div class=\"elementor-element elementor-element-3ca22e41 e-con-full e-flex e-con e-child\" data-id=\"3ca22e41\" data-element_type=\"container\" data-e-type=\"container\">\n\t\t<div class=\"elementor-element elementor-element-25654452 e-con-full e-flex e-con e-child\" data-id=\"25654452\" data-element_type=\"container\" data-e-type=\"container\" data-settings=\"{&quot;background_background&quot;:&quot;classic&quot;}\">\n\t\t\t\t<div class=\"elementor-element elementor-element-15cb4abf animated-fast elementor-invisible elementor-widget elementor-widget-elementskit-heading\" data-id=\"15cb4abf\" data-element_type=\"widget\" data-e-type=\"widget\" data-settings=\"{&quot;_animation_delay&quot;:200,&quot;ekit_we_effect_on&quot;:&quot;css&quot;,&quot;_animation&quot;:&quot;fadeIn&quot;}\" data-widget_type=\"elementskit-heading.default\">\n\t\t\t\t<div class=\"elementor-widget-container\">\n\t\t\t\t\t<div class=\"ekit-wid-con\" ><div class=\"ekit-heading elementskit-section-title-wraper text_center   ekit_heading_tablet-   ekit_heading_mobile-text_left\"><h3 class=\"ekit-heading--title elementskit-section-title \">France \ud83c\uddeb\ud83c\uddf7<\/h3>\t\t\t\t<div class='ekit-heading__description'>\n\t\t\t\t\t<p>72 route de neufch\u00e2tel, 76000 Rouen<br \/>+ 33 1 85 43 01 41<\/p>\n\t\t\t\t<\/div>\n\t\t\t<\/div><\/div>\t\t\t\t<\/div>\n\t\t\t\t<\/div>\n\t\t\t\t<\/div>\n\t\t<div class=\"elementor-element elementor-element-32ad2693 e-con-full e-flex e-con e-child\" data-id=\"32ad2693\" data-element_type=\"container\" data-e-type=\"container\" data-settings=\"{&quot;background_background&quot;:&quot;classic&quot;}\">\n\t\t\t\t<div class=\"elementor-element elementor-element-745b815c animated-fast elementor-invisible elementor-widget elementor-widget-elementskit-heading\" data-id=\"745b815c\" data-element_type=\"widget\" data-e-type=\"widget\" data-settings=\"{&quot;_animation_delay&quot;:300,&quot;ekit_we_effect_on&quot;:&quot;css&quot;,&quot;_animation&quot;:&quot;fadeIn&quot;}\" data-widget_type=\"elementskit-heading.default\">\n\t\t\t\t<div class=\"elementor-widget-container\">\n\t\t\t\t\t<div class=\"ekit-wid-con\" ><div class=\"ekit-heading elementskit-section-title-wraper text_center   ekit_heading_tablet-   ekit_heading_mobile-text_left\"><h3 class=\"ekit-heading--title elementskit-section-title \">Spain \ud83c\uddea\ud83c\uddf8<\/h3>\t\t\t\t<div class='ekit-heading__description'>\n\t\t\t\t\t<p>\u00a0 \u00a0 \u00a0Paseo de Betlem 9, 07579 Betlem\u00a0 \u00a0 \u00a0 \u00a0 \u00a0 \u00a0\u00a0<br \/>+ 34 6 57 46 61 78<\/p>\n\t\t\t\t<\/div>\n\t\t\t<\/div><\/div>\t\t\t\t<\/div>\n\t\t\t\t<\/div>\n\t\t\t\t<\/div>\n\t\t\t\t<\/div>\n\t\t\t\t<\/div>\n\t\t\t\t<\/div>\n\t\t\t\t\t<\/div>\n\t\t\t\t<\/div>\n\t\t\t\t<\/div>\n\t\t","protected":false},"excerpt":{"rendered":"<p>Contact Contact us! Got a question? We&#8217;ll be happy to help! Any questions? Our sales team is here to help. A demo? Plan your own. International Our teams are multilingual. Votre pr\u00e9nom et nom* Votre email* Votre soci\u00e9t\u00e9* Votre t\u00e9l\u00e9phone* Ech\u00e9ance de votre projet Imm\u00e9diatSous 6 moisD&#039;ici 1 an Votre message* * : Champ obligatoire [&hellip;]<\/p>\n","protected":false},"author":1,"featured_media":0,"parent":0,"menu_order":0,"comment_status":"closed","ping_status":"closed","template":"","meta":{"_acf_changed":false,"_seopress_robots_primary_cat":"","_seopress_titles_title":"","_seopress_titles_desc":"","_seopress_robots_index":"","footnotes":""},"class_list":["post-24822","page","type-page","status-publish","hentry"],"acf":[],"_links":{"self":[{"href":"https:\/\/mysolutionconnect.com\/en\/wp-json\/wp\/v2\/pages\/24822","targetHints":{"allow":["GET"]}}],"collection":[{"href":"https:\/\/mysolutionconnect.com\/en\/wp-json\/wp\/v2\/pages"}],"about":[{"href":"https:\/\/mysolutionconnect.com\/en\/wp-json\/wp\/v2\/types\/page"}],"author":[{"embeddable":true,"href":"https:\/\/mysolutionconnect.com\/en\/wp-json\/wp\/v2\/users\/1"}],"replies":[{"embeddable":true,"href":"https:\/\/mysolutionconnect.com\/en\/wp-json\/wp\/v2\/comments?post=24822"}],"version-history":[{"count":3,"href":"https:\/\/mysolutionconnect.com\/en\/wp-json\/wp\/v2\/pages\/24822\/revisions"}],"predecessor-version":[{"id":29809,"href":"https:\/\/mysolutionconnect.com\/en\/wp-json\/wp\/v2\/pages\/24822\/revisions\/29809"}],"wp:attachment":[{"href":"https:\/\/mysolutionconnect.com\/en\/wp-json\/wp\/v2\/media?parent=24822"}],"curies":[{"name":"wp","href":"https:\/\/api.w.org\/{rel}","templated":true}]}}