{"id":25146,"date":"2024-11-15T11:32:18","date_gmt":"2024-11-15T10:32:18","guid":{"rendered":"https:\/\/devmsc.openfluxconfig.com\/website\/noticias\/"},"modified":"2025-11-29T10:52:19","modified_gmt":"2025-11-29T09:52:19","slug":"noticias","status":"publish","type":"page","link":"https:\/\/mysolutionconnect.com\/es\/noticias\/","title":{"rendered":"Noticias"},"content":{"rendered":"\t\t<div data-elementor-type=\"wp-page\" data-elementor-id=\"25146\" class=\"elementor elementor-25146\">\n\t\t\t\t<div class=\"elementor-element elementor-element-497eb717 e-flex e-con-boxed e-con e-parent\" data-id=\"497eb717\" data-element_type=\"container\" data-e-type=\"container\" data-settings=\"{&quot;background_background&quot;:&quot;classic&quot;}\">\n\t\t\t\t\t<div class=\"e-con-inner\">\n\t\t<div class=\"elementor-element elementor-element-5807528d e-con-full e-flex e-con e-child\" data-id=\"5807528d\" data-element_type=\"container\" data-e-type=\"container\">\n\t\t\t\t<div class=\"elementor-element elementor-element-2e55552 animated-fast elementor-invisible elementor-widget elementor-widget-elementskit-heading\" data-id=\"2e55552\" data-element_type=\"widget\" data-e-type=\"widget\" data-settings=\"{&quot;_animation&quot;:&quot;fadeIn&quot;,&quot;_animation_delay&quot;:100,&quot;ekit_we_effect_on&quot;:&quot;none&quot;}\" data-widget_type=\"elementskit-heading.default\">\n\t\t\t\t<div class=\"elementor-widget-container\">\n\t\t\t\t\t<div class=\"ekit-wid-con\" ><div class=\"ekit-heading elementskit-section-title-wraper text_center   ekit_heading_tablet-   ekit_heading_mobile-\"><h6 class=\"elementskit-section-subtitle   ekit-heading__subtitle-has-border\">\n\t\t\t\t\t\tArt\u00edculos\n\t\t\t\t\t<\/h6><h2 class=\"ekit-heading--title elementskit-section-title \">Nuestro <span>art\u00edculos<\/span>  <\/h2>\t\t\t\t<div class='ekit-heading__description'>\n\t\t\t\t\t<p>Aqu\u00ed tienes las \u00faltimas noticias de My Solution Connect.<\/p>\n\t\t\t\t<\/div>\n\t\t\t<\/div><\/div>\t\t\t\t<\/div>\n\t\t\t\t<\/div>\n\t\t\t\t<\/div>\n\t\t<div class=\"elementor-element elementor-element-50b44740 e-con-full e-flex e-con e-child\" data-id=\"50b44740\" data-element_type=\"container\" data-e-type=\"container\">\n\t\t<div class=\"elementor-element elementor-element-29a5dce6 e-con-full e-flex e-con e-child\" data-id=\"29a5dce6\" data-element_type=\"container\" data-e-type=\"container\">\n\t\t\t\t<div class=\"elementor-element elementor-element-6b8a7c50 elementskit-pagination-center elementor-widget elementor-widget-elementskit-blog-posts\" data-id=\"6b8a7c50\" data-element_type=\"widget\" data-e-type=\"widget\" data-settings=\"{&quot;ekit_we_effect_on&quot;:&quot;none&quot;}\" data-widget_type=\"elementskit-blog-posts.default\">\n\t\t\t\t<div class=\"elementor-widget-container\">\n\t\t\t\t\t<div class=\"ekit-wid-con\" >\n        <div id=\"post-items--6b8a7c50\" class=\"row post-items ekit-blog-posts-content wihout-masonry carousel-enabled\" data-enable=\"yes\">\n\n\t\t\t<!-- Blog Carousel markup render -->\n\t\t\t\t\t\t\t<div class=\"ekit-main-swiper swiper blogCarousel\" data-settings=\"{&quot;direction&quot;:&quot;ltr&quot;,&quot;spaceBetween&quot;:0,&quot;slidesPerView&quot;:3,&quot;slidesPerGroup&quot;:1,&quot;navigation&quot;:true,&quot;pagination&quot;:true,&quot;speed&quot;:600,&quot;autoplay&quot;:true,&quot;autoplayDelay&quot;:2000,&quot;pauseOnHover&quot;:true,&quot;breakPoints&quot;:{&quot;360&quot;:{&quot;slidesPerView&quot;:1,&quot;slidesPerGroup&quot;:1},&quot;767&quot;:{&quot;slidesPerView&quot;:2,&quot;slidesPerGroup&quot;:1},&quot;1024&quot;:{&quot;slidesPerView&quot;:3,&quot;slidesPerGroup&quot;:1},&quot;1400&quot;:{&quot;slidesPerView&quot;:3,&quot;slidesPerGroup&quot;:1}}}\">\n\t\t\t\t\t<div class=\"swiper-wrapper\">\n\t\t\t\n\n            <div class=\"swiper-slide\">\n\n                                    <div class=\"elementskit-post-image-card\">\n                        <div class=\"elementskit-entry-header\">\n                                                            <a href=\"https:\/\/mysolutionconnect.com\/es\/open-flux-hub-multiorigen-y-multidestino\/\" class=\"elementskit-entry-thumb\">\n                                    <img decoding=\"async\" src=\"https:\/\/mysolutionconnect.com\/wp-content\/uploads\/2026\/03\/Integraccion-768x512.png\" alt=\"Open Flux : hub multisource y multicontenido\">\n                                <\/a><!-- .elementskit-entry-thumb END -->\n                                                            \n                            \n                                                    <\/div><!-- .elementskit-entry-header END -->\n\n                        <div class=\"elementskit-post-body \">\n                            \t\t\t\t\t\t\t\t\t\t                <h2 class=\"entry-title\">\n                    <a href=\"https:\/\/mysolutionconnect.com\/es\/open-flux-hub-multiorigen-y-multidestino\/\">\n                            Open Flux : hub multisource y multicontenido                    <\/a>\n                <\/h2>\n                                                        \n                                                                                                                <div class=\"post-meta-list\">\n                                                                                                <span class=\"meta-date\">\n\n                                <i aria-hidden=\"true\" class=\"far fa-calendar\"><\/i>\n                                <span class=\"meta-date-text\">\n                                    7 julio 2025                                <\/span>\n                            <\/span>\n                                                                                                            <\/div>\n                                                                        \n                                        \n                                                                                                                                                                            <p>\u00ab Reconciliar los datos, reconciliar las decisiones \u00bb Optimiza tu rendimiento gracias a la centralizaci\u00f3n de flujos multisource y multidestino con Open\u2011Flux Editorial En un mundo donde los datos est\u00e1n repartidos en m\u00faltiples entornos, ERP, CRM, API, IoT, comercio electr\u00f3nico, soluciones empresariales, el reto ya no es solo recopilar, sino unificar.En MySolutionConnect, estamos convencidos de [&hellip;] <\/p>\n                                                                                                                                                        <div class=\"btn-wraper\">\n                                                                            <a href=\"https:\/\/mysolutionconnect.com\/es\/open-flux-hub-multiorigen-y-multidestino\/\" class=\"elementskit-btn  whitespace--normal\" >\n                                            Leer m\u00e1s                                                                                    <\/a>\n                                    \n                                                                    <\/div>\n                                                    <\/div><!-- .elementskit-post-body END -->\n                    <\/div>\n                \n            <\/div>\t\t\t\t\n\n            <div class=\"swiper-slide\">\n\n                                    <div class=\"elementskit-post-image-card\">\n                        <div class=\"elementskit-entry-header\">\n                                                            <a href=\"https:\/\/mysolutionconnect.com\/es\/open-flux-y-openapi-swagger\/\" class=\"elementskit-entry-thumb\">\n                                    <img decoding=\"async\" src=\"https:\/\/mysolutionconnect.com\/wp-content\/uploads\/2024\/08\/Visuel-article-automatisation-interconnexion-01-768x473.png\" alt=\"Open flux y OpenAPI (Swagger)\">\n                                <\/a><!-- .elementskit-entry-thumb END -->\n                                                            \n                            \n                                                    <\/div><!-- .elementskit-entry-header END -->\n\n                        <div class=\"elementskit-post-body \">\n                            \t\t\t\t\t\t\t\t\t\t                <h2 class=\"entry-title\">\n                    <a href=\"https:\/\/mysolutionconnect.com\/es\/open-flux-y-openapi-swagger\/\">\n                            Open flux y OpenAPI (Swagger)                    <\/a>\n                <\/h2>\n                                                        \n                                                                                                                <div class=\"post-meta-list\">\n                                                                                                <span class=\"meta-date\">\n\n                                <i aria-hidden=\"true\" class=\"far fa-calendar\"><\/i>\n                                <span class=\"meta-date-text\">\n                                    2 diciembre 2024                                <\/span>\n                            <\/span>\n                                                                                                            <\/div>\n                                                                        \n                                        \n                                                                                                                                                                            <p>Open Flux y OpenAPI (Swagger) Swagger es un est\u00e1ndar ampliamente reconocido para definir y documentar APIs, basado en un lenguaje de definici\u00f3n de interfaces (IDL) que utiliza los formatos JSON o YAML. Esta especificaci\u00f3n permite a los desarrolladores crear APIs bien estructuradas y f\u00e1cilmente comprensibles. \u00bfQu\u00e9 es Swagger \/ OpenAPI? Swagger, que se integr\u00f3 en [&hellip;] <\/p>\n                                                                                                                                                        <div class=\"btn-wraper\">\n                                                                            <a href=\"https:\/\/mysolutionconnect.com\/es\/open-flux-y-openapi-swagger\/\" class=\"elementskit-btn  whitespace--normal\" >\n                                            Leer m\u00e1s                                                                                    <\/a>\n                                    \n                                                                    <\/div>\n                                                    <\/div><!-- .elementskit-post-body END -->\n                    <\/div>\n                \n            <\/div>\t\t\t\t\n\n            <div class=\"swiper-slide\">\n\n                                    <div class=\"elementskit-post-image-card\">\n                        <div class=\"elementskit-entry-header\">\n                                                            <a href=\"https:\/\/mysolutionconnect.com\/es\/automatizacion-e-interconexion-de-los-sistemas\/\" class=\"elementskit-entry-thumb\">\n                                    <img decoding=\"async\" src=\"https:\/\/mysolutionconnect.com\/wp-content\/uploads\/2024\/08\/Visuel-article-automatisation-interconnexion-01-768x473.png\" alt=\"Automatizaci\u00f3n e interconexi\u00f3n de los sistemas\">\n                                <\/a><!-- .elementskit-entry-thumb END -->\n                                                            \n                            \n                                                    <\/div><!-- .elementskit-entry-header END -->\n\n                        <div class=\"elementskit-post-body \">\n                            \t\t\t\t\t\t\t\t\t\t                <h2 class=\"entry-title\">\n                    <a href=\"https:\/\/mysolutionconnect.com\/es\/automatizacion-e-interconexion-de-los-sistemas\/\">\n                            Automatizaci\u00f3n e interconexi\u00f3n de los sistemas                    <\/a>\n                <\/h2>\n                                                        \n                                                                                                                <div class=\"post-meta-list\">\n                                                                                                <span class=\"meta-date\">\n\n                                <i aria-hidden=\"true\" class=\"far fa-calendar\"><\/i>\n                                <span class=\"meta-date-text\">\n                                    26 agosto 2024                                <\/span>\n                            <\/span>\n                                                                                                            <\/div>\n                                                                        \n                                        \n                                                                                                                                                                            <p>Automatizaci\u00f3n e interconexi\u00f3n de los sistemas: los pilares de una transformaci\u00f3n digital exitosa Los mercados evolucionan r\u00e1pidamente, lo que obliga a las empresas a demostrar agilidad e innovaci\u00f3n. Para no quedar al margen de la transformaci\u00f3n digital, las organizaciones pueden apoyarse en herramientas y procesos como la automatizaci\u00f3n de los flujos de trabajo y la [&hellip;] <\/p>\n                                                                                                                                                        <div class=\"btn-wraper\">\n                                                                            <a href=\"https:\/\/mysolutionconnect.com\/es\/automatizacion-e-interconexion-de-los-sistemas\/\" class=\"elementskit-btn  whitespace--normal\" >\n                                            Leer m\u00e1s                                                                                    <\/a>\n                                    \n                                                                    <\/div>\n                                                    <\/div><!-- .elementskit-post-body END -->\n                    <\/div>\n                \n            <\/div>\t\t\t\t\t\t\t\t\t<\/div >\n\t\t\t\t<\/div>\n\t\t\t\t\t\t\t\t\t<div class=\"ekit-swiper-arrow\">\n\t\t\t\t\t\t<div class=\"elementor-swiper-button elementor-swiper-button-prev ekit-blog-carousel-button-prev\">\n\t\t\t\t\t\t\t<i aria-hidden=\"true\" class=\"icon icon-left-arrow\"><\/i>\t\t\t\t\t\t<\/div>\n\t\t\t\t\t\t<div class=\"elementor-swiper-button elementor-swiper-button-next ekit-blog-carousel-button-next\">\n\t\t\t\t\t\t\t<i aria-hidden=\"true\" class=\"icon icon-right-arrow\"><\/i>\t\t\t\t\t\t<\/div>\n\t\t\t\t\t<\/div>\n\t\t\t\t\t\t\t\t\t\t\t\t\t<div class=\"swiper-pagination ekit-blog-carousel-pagination\"><\/div>\n\t\t\t\t\t\t\t        <\/div>\n\n\n        <\/div>\t\t\t\t<\/div>\n\t\t\t\t<\/div>\n\t\t\t\t<\/div>\n\t\t\t\t<\/div>\n\t\t\t\t\t<\/div>\n\t\t\t\t<\/div>\n\t\t\t\t<\/div>\n\t\t","protected":false},"excerpt":{"rendered":"<p>Art\u00edculos Nuestro art\u00edculos Aqu\u00ed tienes las \u00faltimas noticias de My Solution Connect. Open Flux : hub multisource multicible 7 juillet 2025 \u201cR\u00e9concilier les donn\u00e9es, r\u00e9concilier les d\u00e9cisions\u201d\u00a0 Optimisez vos performances gr\u00e2ce \u00e0 la centralisation de flux multisource et multicible avec Open Flux\u00a0 \ud83d\udd8b\ufe0f \u00c9dito\u00a0 Dans un monde o\u00f9 les donn\u00e9es sont r\u00e9parties dans de multiples [&hellip;] <\/p>\n","protected":false},"author":1,"featured_media":0,"parent":0,"menu_order":0,"comment_status":"closed","ping_status":"closed","template":"","meta":{"_acf_changed":false,"_seopress_robots_primary_cat":"","_seopress_titles_title":"","_seopress_titles_desc":"","_seopress_robots_index":"","footnotes":""},"class_list":["post-25146","page","type-page","status-publish","hentry"],"acf":[],"_links":{"self":[{"href":"https:\/\/mysolutionconnect.com\/es\/wp-json\/wp\/v2\/pages\/25146","targetHints":{"allow":["GET"]}}],"collection":[{"href":"https:\/\/mysolutionconnect.com\/es\/wp-json\/wp\/v2\/pages"}],"about":[{"href":"https:\/\/mysolutionconnect.com\/es\/wp-json\/wp\/v2\/types\/page"}],"author":[{"embeddable":true,"href":"https:\/\/mysolutionconnect.com\/es\/wp-json\/wp\/v2\/users\/1"}],"replies":[{"embeddable":true,"href":"https:\/\/mysolutionconnect.com\/es\/wp-json\/wp\/v2\/comments?post=25146"}],"version-history":[{"count":4,"href":"https:\/\/mysolutionconnect.com\/es\/wp-json\/wp\/v2\/pages\/25146\/revisions"}],"predecessor-version":[{"id":27841,"href":"https:\/\/mysolutionconnect.com\/es\/wp-json\/wp\/v2\/pages\/25146\/revisions\/27841"}],"wp:attachment":[{"href":"https:\/\/mysolutionconnect.com\/es\/wp-json\/wp\/v2\/media?parent=25146"}],"curies":[{"name":"wp","href":"https:\/\/api.w.org\/{rel}","templated":true}]}}