{"id":25148,"date":"2024-12-05T11:46:21","date_gmt":"2024-12-05T10:46:21","guid":{"rendered":"https:\/\/devmsc.openfluxconfig.com\/website\/solicita-una-demostracion\/"},"modified":"2026-01-23T18:58:35","modified_gmt":"2026-01-23T17:58:35","slug":"reservar-una-demostraction","status":"publish","type":"page","link":"https:\/\/mysolutionconnect.com\/es\/reservar-una-demostraction\/","title":{"rendered":"Agendar demo"},"content":{"rendered":"\t\t<div data-elementor-type=\"wp-page\" data-elementor-id=\"25148\" class=\"elementor elementor-25148\">\n\t\t\t\t<div class=\"elementor-element elementor-element-9f64c39 e-flex e-con-boxed e-con e-parent\" data-id=\"9f64c39\" data-element_type=\"container\" data-e-type=\"container\">\n\t\t\t\t\t<div class=\"e-con-inner\">\n\t\t\t\t<div class=\"elementor-element elementor-element-bc9d8c8 animated-fast elementor-invisible elementor-widget elementor-widget-elementskit-heading\" data-id=\"bc9d8c8\" data-element_type=\"widget\" data-e-type=\"widget\" data-settings=\"{&quot;_animation&quot;:&quot;fadeIn&quot;,&quot;_animation_delay&quot;:100,&quot;ekit_we_effect_on&quot;:&quot;none&quot;}\" data-widget_type=\"elementskit-heading.default\">\n\t\t\t\t<div class=\"elementor-widget-container\">\n\t\t\t\t\t<div class=\"ekit-wid-con\" ><div class=\"ekit-heading elementskit-section-title-wraper text_center   ekit_heading_tablet-   ekit_heading_mobile-\"><span class=\"elementskit-section-subtitle   ekit-heading__subtitle-has-border\">\n\t\t\t\t\t\tReservar una demostraci\u00f3n\n\t\t\t\t\t<\/span><h1 class=\"ekit-heading--title elementskit-section-title \">Habla con un <span><span>experto<\/span><\/span> sobre la integraci\u00f3n<\/h1>\t\t\t\t<div class='ekit-heading__description'>\n\t\t\t\t\t<p>Nos gusta ser eficientes, as\u00ed que puedes reservar un espacio directamente en nuestra agenda.<\/p>\n\t\t\t\t<\/div>\n\t\t\t<\/div><\/div>\t\t\t\t<\/div>\n\t\t\t\t<\/div>\n\t\t\t\t\t<\/div>\n\t\t\t\t<\/div>\n\t\t<div class=\"elementor-element elementor-element-ce9edd2 e-flex e-con-boxed e-con e-parent\" data-id=\"ce9edd2\" data-element_type=\"container\" data-e-type=\"container\">\n\t\t\t\t\t<div class=\"e-con-inner\">\n\t\t<div class=\"elementor-element elementor-element-e3f4478 e-con-full e-flex e-con e-child\" data-id=\"e3f4478\" data-element_type=\"container\" data-e-type=\"container\">\n\t\t\t\t<div class=\"elementor-element elementor-element-ec6f799 animated-fast elementor-invisible elementor-widget elementor-widget-elementskit-heading\" data-id=\"ec6f799\" data-element_type=\"widget\" data-e-type=\"widget\" data-settings=\"{&quot;_animation&quot;:&quot;fadeIn&quot;,&quot;_animation_delay&quot;:200,&quot;ekit_we_effect_on&quot;:&quot;none&quot;}\" data-widget_type=\"elementskit-heading.default\">\n\t\t\t\t<div class=\"elementor-widget-container\">\n\t\t\t\t\t<div class=\"ekit-wid-con\" ><div class=\"ekit-heading elementskit-section-title-wraper text_center   ekit_heading_tablet-   ekit_heading_mobile-\"><h2 class=\"ekit-heading--title elementskit-section-title \">Reserva una demostraci\u00f3n<\/h2><\/div><\/div>\t\t\t\t<\/div>\n\t\t\t\t<\/div>\n\t\t\t\t<div class=\"elementor-element elementor-element-384c666 elementor-widget elementor-widget-html\" data-id=\"384c666\" data-element_type=\"widget\" data-e-type=\"widget\" data-settings=\"{&quot;ekit_we_effect_on&quot;:&quot;none&quot;}\" data-widget_type=\"html.default\">\n\t\t\t\t<div class=\"elementor-widget-container\">\n\t\t\t\t\t<!-- Start of Meetings Embed Script -->\n    <div class=\"meetings-iframe-container\" data-src=\"https:\/\/meetings-eu1.hubspot.com\/gmora?embed=true\"><\/div>\n    <script type=\"text\/javascript\" src=\"https:\/\/static.hsappstatic.net\/MeetingsEmbed\/ex\/MeetingsEmbedCode.js\"><\/script>\n  <!-- End of Meetings Embed Script -->\t\t\t\t<\/div>\n\t\t\t\t<\/div>\n\t\t\t\t<\/div>\n\t\t\t\t\t<\/div>\n\t\t\t\t<\/div>\n\t\t<div class=\"elementor-element elementor-element-84313a0 e-con-full e-flex e-con e-parent\" data-id=\"84313a0\" data-element_type=\"container\" data-e-type=\"container\" data-settings=\"{&quot;background_background&quot;:&quot;classic&quot;}\">\n\t\t<div class=\"elementor-element elementor-element-96ab61d e-con-full e-flex e-con e-child\" data-id=\"96ab61d\" data-element_type=\"container\" data-e-type=\"container\" data-settings=\"{&quot;background_background&quot;:&quot;classic&quot;}\">\n\t\t\t\t<div class=\"elementor-element elementor-element-2bbafdf animated-fast elementor-invisible elementor-widget elementor-widget-elementskit-heading\" data-id=\"2bbafdf\" data-element_type=\"widget\" data-e-type=\"widget\" data-settings=\"{&quot;_animation&quot;:&quot;fadeIn&quot;,&quot;_animation_delay&quot;:100,&quot;ekit_we_effect_on&quot;:&quot;none&quot;}\" data-widget_type=\"elementskit-heading.default\">\n\t\t\t\t<div class=\"elementor-widget-container\">\n\t\t\t\t\t<div class=\"ekit-wid-con\" ><div class=\"ekit-heading elementskit-section-title-wraper text_center   ekit_heading_tablet-   ekit_heading_mobile-\"><h2 class=\"ekit-heading--title elementskit-section-title \">\u00bfBuscas <span><span>informaci\u00f3n<\/span><\/span>?<\/h2>\t\t\t\t<div class='ekit-heading__description'>\n\t\t\t\t\t<p>  D\u00e9janos un mensaje<\/p>\n\t\t\t\t<\/div>\n\t\t\t<\/div><\/div>\t\t\t\t<\/div>\n\t\t\t\t<\/div>\n\t\t\t\t<div class=\"elementor-element elementor-element-730a57e elementor-align-left animated-fast elementor-invisible elementor-widget elementor-widget-elementskit-button\" data-id=\"730a57e\" data-element_type=\"widget\" data-e-type=\"widget\" data-settings=\"{&quot;_animation&quot;:&quot;pulse&quot;,&quot;_animation_delay&quot;:300,&quot;ekit_we_effect_on&quot;:&quot;none&quot;}\" data-widget_type=\"elementskit-button.default\">\n\t\t\t\t<div class=\"elementor-widget-container\">\n\t\t\t\t\t<div class=\"ekit-wid-con\" >\t\t<div class=\"ekit-btn-wraper\">\n\t\t\t\t\t\t\t<a href=\"https:\/\/mysolutionconnect.com\/es\/contacto\/\" class=\"elementskit-btn  whitespace--normal\" id=\"\">\n\t\t\t\t\tContacta con nosotros<i class=\"icon icon-right-arrow\"><\/i>\t\t\t\t<\/a>\n\t\t\t\t\t<\/div>\n        <\/div>\t\t\t\t<\/div>\n\t\t\t\t<\/div>\n\t\t\t\t<\/div>\n\t\t\t\t<\/div>\n\t\t\t\t<\/div>\n\t\t","protected":false},"excerpt":{"rendered":"<p>Reservar una demostraci\u00f3n Habla con un experto sobre la integraci\u00f3n Nos gusta ser eficientes, as\u00ed que puedes reservar un espacio directamente en nuestra agenda. Reserva una demostraci\u00f3n \u00bfBuscas informaci\u00f3n? D\u00e9janos un mensaje Contacta con nosotros<\/p>\n","protected":false},"author":1,"featured_media":0,"parent":0,"menu_order":0,"comment_status":"closed","ping_status":"closed","template":"","meta":{"_acf_changed":false,"_seopress_robots_primary_cat":"","_seopress_titles_title":"","_seopress_titles_desc":"","_seopress_robots_index":"","footnotes":""},"class_list":["post-25148","page","type-page","status-publish","hentry"],"acf":[],"_links":{"self":[{"href":"https:\/\/mysolutionconnect.com\/es\/wp-json\/wp\/v2\/pages\/25148","targetHints":{"allow":["GET"]}}],"collection":[{"href":"https:\/\/mysolutionconnect.com\/es\/wp-json\/wp\/v2\/pages"}],"about":[{"href":"https:\/\/mysolutionconnect.com\/es\/wp-json\/wp\/v2\/types\/page"}],"author":[{"embeddable":true,"href":"https:\/\/mysolutionconnect.com\/es\/wp-json\/wp\/v2\/users\/1"}],"replies":[{"embeddable":true,"href":"https:\/\/mysolutionconnect.com\/es\/wp-json\/wp\/v2\/comments?post=25148"}],"version-history":[{"count":22,"href":"https:\/\/mysolutionconnect.com\/es\/wp-json\/wp\/v2\/pages\/25148\/revisions"}],"predecessor-version":[{"id":27965,"href":"https:\/\/mysolutionconnect.com\/es\/wp-json\/wp\/v2\/pages\/25148\/revisions\/27965"}],"wp:attachment":[{"href":"https:\/\/mysolutionconnect.com\/es\/wp-json\/wp\/v2\/media?parent=25148"}],"curies":[{"name":"wp","href":"https:\/\/api.w.org\/{rel}","templated":true}]}}