{"id":27649,"date":"2025-11-28T16:10:39","date_gmt":"2025-11-28T15:10:39","guid":{"rendered":"https:\/\/mysolutionconnect.com\/?page_id=27649"},"modified":"2026-01-14T18:14:19","modified_gmt":"2026-01-14T17:14:19","slug":"aviso-legal","status":"publish","type":"page","link":"https:\/\/mysolutionconnect.com\/es\/aviso-legal\/","title":{"rendered":"Aviso legal"},"content":{"rendered":"\t\t<div data-elementor-type=\"wp-page\" data-elementor-id=\"27649\" class=\"elementor elementor-27649\">\n\t\t\t\t<div class=\"elementor-element elementor-element-32c6478 e-flex e-con-boxed e-con e-parent\" data-id=\"32c6478\" data-element_type=\"container\" data-e-type=\"container\" data-settings=\"{&quot;background_background&quot;:&quot;classic&quot;}\">\n\t\t\t\t\t<div class=\"e-con-inner\">\n\t\t\t\t<div class=\"elementor-element elementor-element-ae1be39 animated-fast elementor-invisible elementor-widget elementor-widget-elementskit-heading\" data-id=\"ae1be39\" data-element_type=\"widget\" data-e-type=\"widget\" data-settings=\"{&quot;_animation&quot;:&quot;fadeIn&quot;,&quot;_animation_delay&quot;:100,&quot;ekit_we_effect_on&quot;:&quot;none&quot;}\" data-widget_type=\"elementskit-heading.default\">\n\t\t\t\t<div class=\"elementor-widget-container\">\n\t\t\t\t\t<div class=\"ekit-wid-con\" ><div class=\"ekit-heading elementskit-section-title-wraper text_center   ekit_heading_tablet-   ekit_heading_mobile-\"><div class=\"elementskit-section-subtitle   ekit-heading__subtitle-has-border\">\n\t\t\t\t\t\tDocumentos legales\n\t\t\t\t\t<\/div><h1 class=\"ekit-heading--title elementskit-section-title \">Aviso legal<\/h1>\t\t\t\t<div class='ekit-heading__description'>\n\t\t\t\t\t\n<div class=\"text-base my-auto mx-auto pb-10 [--thread-content-margin:--spacing(4)] thread-sm:[--thread-content-margin:--spacing(6)] thread-lg:[--thread-content-margin:--spacing(16)] px-(--thread-content-margin)\">\n<div class=\"[--thread-content-max-width:40rem] thread-lg:[--thread-content-max-width:48rem] mx-auto max-w-(--thread-content-max-width) flex-1 group\/turn-messages focus-visible:outline-hidden relative flex w-full min-w-0 flex-col agent-turn\">\n<div class=\"flex max-w-full flex-col grow\">\n<div class=\"min-h-8 text-message relative flex w-full flex-col items-end gap-2 text-start break-words whitespace-normal [.text-message+&amp;]:mt-1\">\n<div class=\"flex w-full flex-col gap-1 empty:hidden first:pt-[1px]\">\n<div class=\"markdown prose dark:prose-invert w-full break-words light markdown-new-styling\">\n<p><strong>\u00daltima modificaci\u00f3n: 3 de febrero de 2025<\/strong><\/p>\n<\/div>\n<\/div>\n<\/div>\n<\/div>\n<\/div>\n<\/div>\n\n\t\t\t\t<\/div>\n\t\t\t<\/div><\/div>\t\t\t\t<\/div>\n\t\t\t\t<\/div>\n\t\t\t\t\t<\/div>\n\t\t\t\t<\/div>\n\t\t<div class=\"elementor-element elementor-element-af3e9dd e-flex e-con-boxed e-con e-parent\" data-id=\"af3e9dd\" data-element_type=\"container\" data-e-type=\"container\" data-settings=\"{&quot;animation&quot;:&quot;none&quot;}\">\n\t\t\t\t\t<div class=\"e-con-inner\">\n\t\t\t\t<div class=\"elementor-element elementor-element-4878ac4 animated-fast elementor-widget__width-initial elementor-invisible elementor-widget elementor-widget-text-editor\" data-id=\"4878ac4\" data-element_type=\"widget\" data-e-type=\"widget\" data-settings=\"{&quot;_animation&quot;:&quot;fadeIn&quot;,&quot;_animation_delay&quot;:100,&quot;ekit_we_effect_on&quot;:&quot;none&quot;}\" data-widget_type=\"text-editor.default\">\n\t\t\t\t<div class=\"elementor-widget-container\">\n\t\t\t\t\t\t\t\t\t<p><strong>1. I<\/strong><b>NFORMACI\u00d3N LEGAL<\/b><\/p><p>De conformidad con lo dispuesto en los art\u00edculos aux 6-III y 19 de la Ley de Confianza en la Econom\u00eda Digital, le informamos de que :<\/p><p>* El\u00a0presente sitio es editado por:<br \/>MySolutionConnect S.L.<br \/>Paseo de Betlem 9B, 07579 Betlem \/ Art\u00e1<br \/>Num\u00e9ro CIF :\u00a0 B10672608<\/p><p>* Director de la publicaci\u00f3n del sitio web : Patrice Foliard<\/p><p>Provedor:<br \/>OVH<br \/>SAS con un capital de 10 059 500 \u20ac<br \/>RCS Lille M\u00e9tropole 424 761 419 00045<br \/>Code APE 6202A<br \/>N\u00b0 TVA : FR 22 424 761 419<br \/>Sede social : 2 rue Kellermann \u2013 59100 Roubaix \u2013 France.<\/p><p>0972101007<\/p><p><strong>2. LIMITA<\/strong><b>CI\u00d3N DE RESPONSABILIDAD<\/b><\/p><p>El usuario reconoce haber le\u00eddo las presentes condiciones de uso y se compromete a respetarlas.<\/p><p>El usuario del sitio web www.mysolutionconnect.com reconoce disponer de la competencia y los medios necesarios para acceder y utilizar este sitio.\u00a0<\/p><p class=\"p1\">El usuario del sitio web www.mysolutionconnect.com reconoce haber comprobado que la configuraci\u00f3n inform\u00e1tica utilizada no contiene ning\u00fan virus y que se encuentra en perfecto estado de funcionamiento.\u00a0<\/p><p class=\"p1\">La empresa www.mysolutionconnect.com hace todo lo posible por ofrecer a los usuarios informaci\u00f3n y\/o herramientas disponibles y verificadas, pero no se hace responsable de los errores, la falta de disponibilidad de las funcionalidades y\/o la presencia de virus en su sitio web.\u00a0<\/p><p class=\"p1\">La informaci\u00f3n proporcionada por www.mysolutionconnect.com tiene car\u00e1cter meramente informativo y no exime al usuario de realizar un an\u00e1lisis complementario y personalizado.\u00a0<\/p><p class=\"p1\">www.mysolutionconnect.com no garantiza la exactitud, integridad y actualidad de la informaci\u00f3n difundida en su sitio web.\u00a0\u00a0<br \/>En consecuencia, el usuario reconoce utilizar esta informaci\u00f3n bajo su exclusiva responsabilidad.\u00a0<\/p><p><strong>3. COOKIES<\/strong><\/p><p class=\"p1\">Se informa al usuario de que, durante sus visitas al sitio web, es posible que se instale autom\u00e1ticamente una cookie en su navegador.\u00a0\u00a0<\/p><p class=\"p1\">Una cookie es un bloque de datos que no permite identificar a los usuarios, sino que sirve para registrar informaci\u00f3n relativa a la navegaci\u00f3n de estos por el sitio web.<\/p><p class=\"p1\">La configuraci\u00f3n del software de navegaci\u00f3n permite informar de la presencia de cookies y, en su caso, rechazarlas.<\/p><p class=\"p1\">El usuario dispone de todos los derechos mencionados anteriormente en lo que respecta a los datos personales comunicados a trav\u00e9s de las cookies en las condiciones indicadas anteriormente.\u00a0\u00a0<\/p><p class=\"p1\">Los usuarios del sitio web www.mysolutionconnect.com est\u00e1n obligados a respetar las disposiciones de la ley n\u00b078-17 de 6 de enero 1978 modificada, relativa a la inform\u00e1tica, los ficheros y las libertades, cuya violaci\u00f3n est\u00e1 sujeta a sanciones penales.<br \/>En particular, deben abstenerse, en lo que respecta a la informaci\u00f3n de car\u00e1cter personal a la que acceden o podr\u00edan acceder, de cualquier recopilaci\u00f3n, uso indebido en general o cualquier acto que pueda atentar contra la privacidad o la reputaci\u00f3n de las personas.\u00a0<\/p><p><strong>4. <\/strong><b>PROPRIEDAD INTELECTUAL<\/b><\/p><p class=\"p1\">La estructura general, as\u00ed como los programas, textos, las im\u00e1genes animadas o no, su saber hacer y todos los dem\u00e1s elementos que componen el sitio son propiedad exclusiva del sitio web www.mysolutionconnect.com.<br \/>Cualquier representaci\u00f3n total o parcial de este sitio web o de su contenido por parte de cualquier persona, sin la autorizaci\u00f3n expresa y por escrito del sitio web www.mysolutionconnect.com est\u00e1 prohibido y constituir\u00eda una infracci\u00f3n sancionada por los art\u00edculos L. 335-2 y siguientes del C\u00f3digo de la Propiedad Intelectual, que define la infracci\u00f3n como un delito y prev\u00e9 hasta tres a\u00f1os de prisi\u00f3n y\u00a0 \u00a0 \u00a0 \u00a0300 000 euros de multa.<\/p><p class=\"p1\">Lo mismo ocurre con la bases de datos que figuran, en su caso, en el sitio web, las cuales est\u00e1n protegidas por las disposiciones de la ley deI 1 de julio de 1998 que transpone al C\u00f3digo de la Propiedad Intelectual la directiva del 11 de marzo de 1996 relativa a la protecci\u00f3n jur\u00eddica de las bases de datos, y de las cuales el sitio www.mysolutionconnect.com es productor.<br \/>Las marcas del sitio web www.mysolutionconnect.com y de sus socios, as\u00ed como los logotipos que aparecen en el sitio web, son marcas registradas.\u00a0<\/p><p class=\"p1\">Toda la reproducci\u00f3n total o parcial de estas marcas o de estos logotipos realizada a partir de los elementos del sitio sin la autorizaci\u00f3n expresa del sitio www.mysolutionconnect.com est\u00e1, por tanto, prohibida en el sentido del C\u00f3digo de la Propiedad Intelectual.\u00a0\u00a0<br \/>El sitio web www.mysolutionconnect.com no puede ser considerado responsable del acceso por parte de los usuarios,\u00a0 a trav\u00e9s de los enlaces hipertexto establecidos en el marco del sitio web, hacia otros recursos presentes en la red.\u00a0\u00a0Cualquier litigio relacionado con el uso del sitio www.mysolutionconnect.com est\u00e1 sujeto al derecho espa\u00f1ol. El usuario reconoce la competencia exclusiva de los tribunales competentes de Palma de Mallorca.\u00a0<\/p><p><strong>5. <\/strong><b>POL\u00cdTICA DE CONFIDENCIALIDAD<\/b><\/p><p class=\"p1\">En ning\u00fan caso los datos recopilados en el sitio web www.mysolutionconnect.com ser\u00e1n cedidos o vendidos a terceros. Ninguna direcci\u00f3n de correo electr\u00f3nico ser\u00e1 transmitida a terceros, incluidos nuestros socios, salvo con el consentimiento escrito de los interesados. Los datos recopilados a trav\u00e9s del formulario de contacto est\u00e1n destinados al uso exclusivo de My Solution Connect.<\/p><p class=\"p1\"><b>1. Conservaci\u00f3n y uso de sus datos personales<\/b><br \/>La informaci\u00f3n recopilada a trav\u00e9s de los formularios del sitio se registra en un archivo informatizado por My Solution Connect con el fin de comunicar informaci\u00f3n relacionada con la marca y los servicios de My Solution Connect.<br \/>Estos datos se conservan durante 3 a\u00f1os y est\u00e1n destinados al departamento de marketing y al departamento comercial. Este archivo es accesible \u00fanicamente por la direcci\u00f3n, los colaboradores del \u00e1rea de marketing y del \u00e1rea comercial dentro de My Solution Connect.<\/p><p class=\"p1\"><b>2. Consentimiento y tratamiento de sus datos personales<\/b><br \/>Al marcar la casilla de consentimiento obligatorio antes de enviar cada formulario del sitio web www.mysolutionconnect.com, usted autoriza expl\u00edcitamente el almacenamiento y el tratamiento de sus datos con el fin de informarle sobre nuestros servicios. Usted autoriza a My Solution Connect a contactarle para cualquier relaci\u00f3n comercial o a proporcionarle informaci\u00f3n personalizada sobre nuestros servicios.<\/p><p class=\"p1\"><b>3. Retiro del consentimiento respecto a sus datos personales<\/b><br \/>De acuerdo con la ley de \u201cinform\u00e1tica y libertades\u201d (protecci\u00f3n de datos), usted puede ejercer su derecho de acceso a los datos que le conciernen y hacer que se rectifiquen contact\u00e1ndonos por correo postal o electr\u00f3nico a la siguiente direcci\u00f3n: <b>contacto@mysolutionconnect.com<\/b><b><\/b><\/p><p class=\"p1\"><b>4. Modificaci\u00f3n de sus suscripciones<\/b><br \/>Tambi\u00e9n puede modificar libremente sus suscripciones a nuestras comunicaciones haciendo clic en \u201cDarse de baja\u201d o \u201cModificar sus preferencias de recepci\u00f3n\u201d o \u201cUnsubscribe from this list\u201d o \u201cUpdate subscription preference\u201d al final de cada uno de nuestros correos electr\u00f3nicos.<\/p>\t\t\t\t\t\t\t\t<\/div>\n\t\t\t\t<\/div>\n\t\t\t\t\t<\/div>\n\t\t\t\t<\/div>\n\t\t\t\t<\/div>\n\t\t","protected":false},"excerpt":{"rendered":"<p>Documentos legales Aviso legal \u00daltima modificaci\u00f3n: 3 de febrero de 2025 1. INFORMACI\u00d3N LEGAL De conformidad con lo dispuesto en los art\u00edculos aux 6-III y 19 de la Ley de Confianza en la Econom\u00eda Digital, le informamos de que : * El\u00a0presente sitio es editado por:MySolutionConnect S.L.Paseo de Betlem 9B, 07579 Betlem \/ Art\u00e1Num\u00e9ro CIF [&hellip;]<\/p>\n","protected":false},"author":15,"featured_media":0,"parent":0,"menu_order":0,"comment_status":"closed","ping_status":"closed","template":"","meta":{"_acf_changed":false,"_seopress_robots_primary_cat":"","_seopress_titles_title":"","_seopress_titles_desc":"","_seopress_robots_index":"","footnotes":""},"class_list":["post-27649","page","type-page","status-publish","hentry"],"acf":[],"_links":{"self":[{"href":"https:\/\/mysolutionconnect.com\/es\/wp-json\/wp\/v2\/pages\/27649","targetHints":{"allow":["GET"]}}],"collection":[{"href":"https:\/\/mysolutionconnect.com\/es\/wp-json\/wp\/v2\/pages"}],"about":[{"href":"https:\/\/mysolutionconnect.com\/es\/wp-json\/wp\/v2\/types\/page"}],"author":[{"embeddable":true,"href":"https:\/\/mysolutionconnect.com\/es\/wp-json\/wp\/v2\/users\/15"}],"replies":[{"embeddable":true,"href":"https:\/\/mysolutionconnect.com\/es\/wp-json\/wp\/v2\/comments?post=27649"}],"version-history":[{"count":18,"href":"https:\/\/mysolutionconnect.com\/es\/wp-json\/wp\/v2\/pages\/27649\/revisions"}],"predecessor-version":[{"id":27771,"href":"https:\/\/mysolutionconnect.com\/es\/wp-json\/wp\/v2\/pages\/27649\/revisions\/27771"}],"wp:attachment":[{"href":"https:\/\/mysolutionconnect.com\/es\/wp-json\/wp\/v2\/media?parent=27649"}],"curies":[{"name":"wp","href":"https:\/\/api.w.org\/{rel}","templated":true}]}}